{"id":20,"date":"2023-11-17T13:23:05","date_gmt":"2023-11-17T13:23:05","guid":{"rendered":"https:\/\/canbon.cn\/?page_id=20"},"modified":"2023-12-11T03:53:30","modified_gmt":"2023-12-11T03:53:30","slug":"acerca-de-nosotros","status":"publish","type":"page","link":"https:\/\/www.canbon.cn\/es\/acerca-de-nosotros\/","title":{"rendered":"Qui\u00e9nes somos"},"content":{"rendered":"<div data-elementor-type=\"wp-page\" data-elementor-id=\"20\" class=\"elementor elementor-20\" data-elementor-post-type=\"page\">\n\t\t\t\t\t\t<section class=\"elementor-section elementor-top-section elementor-element elementor-element-3a303a37 elementor-section-height-min-height elementor-section-boxed elementor-section-height-default elementor-section-items-middle\" data-id=\"3a303a37\" data-element_type=\"section\" data-e-type=\"section\" data-settings=\"{&quot;background_background&quot;:&quot;classic&quot;}\">\n\t\t\t\t\t\t\t<div class=\"elementor-background-overlay\"><\/div>\n\t\t\t\t\t\t\t<div class=\"elementor-container elementor-column-gap-default\">\n\t\t\t\t\t<div class=\"elementor-column elementor-col-100 elementor-top-column elementor-element elementor-element-3a664ea6\" data-id=\"3a664ea6\" data-element_type=\"column\" data-e-type=\"column\">\n\t\t\t<div class=\"elementor-widget-wrap elementor-element-populated\">\n\t\t\t\t\t\t<div class=\"elementor-element elementor-element-25158fc3 elementor-widget elementor-widget-heading\" data-id=\"25158fc3\" data-element_type=\"widget\" data-e-type=\"widget\" data-widget_type=\"heading.default\">\n\t\t\t\t<div class=\"elementor-widget-container\">\n\t\t\t\t\t<h1 class=\"elementor-heading-title elementor-size-default\">SOBRE CANBON<\/h1>\t\t\t\t<\/div>\n\t\t\t\t<\/div>\n\t\t\t\t\t<\/div>\n\t\t<\/div>\n\t\t\t\t\t<\/div>\n\t\t<\/section>\n\t\t\t\t<section class=\"elementor-section elementor-top-section elementor-element elementor-element-693a6a92 elementor-section-boxed elementor-section-height-default elementor-section-height-default\" data-id=\"693a6a92\" data-element_type=\"section\" data-e-type=\"section\">\n\t\t\t\t\t\t<div class=\"elementor-container elementor-column-gap-default\">\n\t\t\t\t\t<div class=\"elementor-column elementor-col-50 elementor-top-column elementor-element elementor-element-11eec776\" data-id=\"11eec776\" data-element_type=\"column\" data-e-type=\"column\">\n\t\t\t<div class=\"elementor-widget-wrap elementor-element-populated\">\n\t\t\t\t\t\t<div class=\"elementor-element elementor-element-4bb1e462 elementor-widget elementor-widget-heading\" data-id=\"4bb1e462\" data-element_type=\"widget\" data-e-type=\"widget\" data-widget_type=\"heading.default\">\n\t\t\t\t<div class=\"elementor-widget-container\">\n\t\t\t\t\t<h2 class=\"elementor-heading-title elementor-size-default\">PERFIL DE LA EMPRESA<\/h2>\t\t\t\t<\/div>\n\t\t\t\t<\/div>\n\t\t\t\t<div class=\"elementor-element elementor-element-3ce6c89d elementor-widget elementor-widget-heading\" data-id=\"3ce6c89d\" data-element_type=\"widget\" data-e-type=\"widget\" data-widget_type=\"heading.default\">\n\t\t\t\t<div class=\"elementor-widget-container\">\n\t\t\t\t\t<h2 class=\"elementor-heading-title elementor-size-default\">CANBON con m\u00e1s de 30 a\u00f1os de experiencia en producci\u00f3n.<\/h2>\t\t\t\t<\/div>\n\t\t\t\t<\/div>\n\t\t\t\t<div class=\"elementor-element elementor-element-63b88d46 elementor-widget elementor-widget-text-editor\" data-id=\"63b88d46\" data-element_type=\"widget\" data-e-type=\"widget\" data-widget_type=\"text-editor.default\">\n\t\t\t\t<div class=\"elementor-widget-container\">\n\t\t\t\t\t\t\t\t\tRuian CANBON Industrial and Trading Co., Ltd. es una empresa moderna dedicada a la producci\u00f3n de bolsas raschel de HDPE, redes para pal\u00e9s y envolturas estirables ventiladas. Fundada en 1995, est\u00e1 situada en la provincia de Zhejiang, cerca de los puertos de Shanghai y Ningbo, y cuenta con un c\u00f3modo tr\u00e1fico y una posici\u00f3n geogr\u00e1fica favorable.\t\t\t\t\t\t\t\t<\/div>\n\t\t\t\t<\/div>\n\t\t\t\t<div class=\"elementor-element elementor-element-8633921 elementor-widget elementor-widget-text-editor\" data-id=\"8633921\" data-element_type=\"widget\" data-e-type=\"widget\" data-widget_type=\"text-editor.default\">\n\t\t\t\t<div class=\"elementor-widget-container\">\n\t\t\t\t\t\t\t\t\tTras m\u00e1s de 20 a\u00f1os de desarrollo, CANBON se ha convertido en un fabricante profesional especializado en la industria del embalaje. Nuestra producci\u00f3n anual alcanza las 10.000MT. Conocemos muy bien las necesidades de los diferentes mercados, y tambi\u00e9n podemos atender pedidos personalizados.\t\t\t\t\t\t\t\t<\/div>\n\t\t\t\t<\/div>\n\t\t\t\t<div class=\"elementor-element elementor-element-1d272fb elementor-widget elementor-widget-text-editor\" data-id=\"1d272fb\" data-element_type=\"widget\" data-e-type=\"widget\" data-widget_type=\"text-editor.default\">\n\t\t\t\t<div class=\"elementor-widget-container\">\n\t\t\t\t\t\t\t\t\t<p>Como por alta calidad, precio razonable y servicio superior, nuestros productos se exportan en toda Europa, Am\u00e9rica del sur, Am\u00e9rica del norte, norte de \u00c1frica, etc.. Y fue profundamente amado por los clientes y obtuvo grandes elogios.<\/p><p>Invitamos a viejos y nuevos amigos a visitar nuestra f\u00e1brica.<\/p>\t\t\t\t\t\t\t\t<\/div>\n\t\t\t\t<\/div>\n\t\t\t\t\t<\/div>\n\t\t<\/div>\n\t\t\t\t<div class=\"elementor-column elementor-col-50 elementor-top-column elementor-element elementor-element-51dfe283\" data-id=\"51dfe283\" data-element_type=\"column\" data-e-type=\"column\">\n\t\t\t<div class=\"elementor-widget-wrap elementor-element-populated\">\n\t\t\t\t\t\t<div class=\"elementor-element elementor-element-5ed1f0a4 elementor-widget elementor-widget-image\" data-id=\"5ed1f0a4\" data-element_type=\"widget\" data-e-type=\"widget\" data-widget_type=\"image.default\">\n\t\t\t\t<div class=\"elementor-widget-container\">\n\t\t\t\t\t\t\t\t\t\t\t\t\t\t\t<img fetchpriority=\"high\" decoding=\"async\" width=\"600\" height=\"600\" src=\"https:\/\/www.canbon.cn\/wp-content\/uploads\/2023\/12\/home-about-image-canbon.jpg\" class=\"attachment-large size-large wp-image-482\" alt=\"inicio sobre imagen - canbon\" srcset=\"https:\/\/www.canbon.cn\/wp-content\/uploads\/2023\/12\/home-about-image-canbon.jpg 600w, https:\/\/www.canbon.cn\/wp-content\/uploads\/2023\/12\/home-about-image-canbon-150x150.jpg 150w, https:\/\/www.canbon.cn\/wp-content\/uploads\/2023\/12\/home-about-image-canbon-300x300.jpg 300w, https:\/\/www.canbon.cn\/wp-content\/uploads\/2023\/12\/home-about-image-canbon-100x100.jpg 100w\" sizes=\"(max-width: 600px) 100vw, 600px\" \/>\t\t\t\t\t\t\t\t\t\t\t\t\t\t\t<\/div>\n\t\t\t\t<\/div>\n\t\t\t\t\t<\/div>\n\t\t<\/div>\n\t\t\t\t\t<\/div>\n\t\t<\/section>\n\t\t\t\t<\/div>","protected":false},"excerpt":{"rendered":"<p>ABOUT CANBON COMPANY PROFILE CANBON with more than 30 years of production experience. Ruian CANBON Industrial and Trading Co., Ltd. is a modern enterprise engaged in producing HDPE raschel bags, pallet nets, and ventilated stretch wraps. Founded in 1995, located in Zhejiang province, close to Shanghai and Ningbo port, and has convenient traffic and a [&hellip;]<\/p>\n","protected":false},"author":1,"featured_media":0,"parent":0,"menu_order":0,"comment_status":"closed","ping_status":"closed","template":"","meta":{"inline_featured_image":false,"footnotes":""},"class_list":["post-20","page","type-page","status-publish","hentry"],"yoast_head":"<!-- This site is optimized with the Yoast SEO plugin v27.3 - https:\/\/yoast.com\/product\/yoast-seo-wordpress\/ -->\n<title>About us - canbon.cn<\/title>\n<meta name=\"robots\" content=\"index, follow, max-snippet:-1, max-image-preview:large, max-video-preview:-1\" \/>\n<link rel=\"canonical\" href=\"https:\/\/www.canbon.cn\/es\/acerca-de-nosotros\/\" \/>\n<meta property=\"og:locale\" content=\"es_ES\" \/>\n<meta property=\"og:type\" content=\"article\" \/>\n<meta property=\"og:title\" content=\"About us - canbon.cn\" \/>\n<meta property=\"og:description\" content=\"ABOUT CANBON COMPANY PROFILE CANBON with more than 30 years of production experience. Ruian CANBON Industrial and Trading Co., Ltd. is a modern enterprise engaged in producing HDPE raschel bags, pallet nets, and ventilated stretch wraps. Founded in 1995, located in Zhejiang province, close to Shanghai and Ningbo port, and has convenient traffic and a [&hellip;]\" \/>\n<meta property=\"og:url\" content=\"https:\/\/www.canbon.cn\/es\/acerca-de-nosotros\/\" \/>\n<meta property=\"og:site_name\" content=\"canbon.cn\" \/>\n<meta property=\"article:modified_time\" content=\"2023-12-11T03:53:30+00:00\" \/>\n<meta property=\"og:image\" content=\"https:\/\/www.canbon.cn\/wp-content\/uploads\/2023\/12\/home-about-image-canbon.jpg\" \/>\n<meta name=\"twitter:card\" content=\"summary_large_image\" \/>\n<meta name=\"twitter:label1\" content=\"Tiempo de lectura\" \/>\n\t<meta name=\"twitter:data1\" content=\"1 minuto\" \/>\n<script type=\"application\/ld+json\" class=\"yoast-schema-graph\">{\"@context\":\"https:\\\/\\\/schema.org\",\"@graph\":[{\"@type\":\"WebPage\",\"@id\":\"https:\\\/\\\/www.canbon.cn\\\/about-us\\\/\",\"url\":\"https:\\\/\\\/www.canbon.cn\\\/about-us\\\/\",\"name\":\"About us - canbon.cn\",\"isPartOf\":{\"@id\":\"https:\\\/\\\/www.canbon.cn\\\/#website\"},\"primaryImageOfPage\":{\"@id\":\"https:\\\/\\\/www.canbon.cn\\\/about-us\\\/#primaryimage\"},\"image\":{\"@id\":\"https:\\\/\\\/www.canbon.cn\\\/about-us\\\/#primaryimage\"},\"thumbnailUrl\":\"https:\\\/\\\/www.canbon.cn\\\/wp-content\\\/uploads\\\/2023\\\/12\\\/home-about-image-canbon.jpg\",\"datePublished\":\"2023-11-17T13:23:05+00:00\",\"dateModified\":\"2023-12-11T03:53:30+00:00\",\"breadcrumb\":{\"@id\":\"https:\\\/\\\/www.canbon.cn\\\/about-us\\\/#breadcrumb\"},\"inLanguage\":\"es\",\"potentialAction\":[{\"@type\":\"ReadAction\",\"target\":[\"https:\\\/\\\/www.canbon.cn\\\/about-us\\\/\"]}]},{\"@type\":\"ImageObject\",\"inLanguage\":\"es\",\"@id\":\"https:\\\/\\\/www.canbon.cn\\\/about-us\\\/#primaryimage\",\"url\":\"https:\\\/\\\/www.canbon.cn\\\/wp-content\\\/uploads\\\/2023\\\/12\\\/home-about-image-canbon.jpg\",\"contentUrl\":\"https:\\\/\\\/www.canbon.cn\\\/wp-content\\\/uploads\\\/2023\\\/12\\\/home-about-image-canbon.jpg\"},{\"@type\":\"BreadcrumbList\",\"@id\":\"https:\\\/\\\/www.canbon.cn\\\/about-us\\\/#breadcrumb\",\"itemListElement\":[{\"@type\":\"ListItem\",\"position\":1,\"name\":\"Home\",\"item\":\"https:\\\/\\\/www.canbon.cn\\\/\"},{\"@type\":\"ListItem\",\"position\":2,\"name\":\"About us\"}]},{\"@type\":\"WebSite\",\"@id\":\"https:\\\/\\\/www.canbon.cn\\\/#website\",\"url\":\"https:\\\/\\\/www.canbon.cn\\\/\",\"name\":\"canbon.cn\",\"description\":\"\",\"publisher\":{\"@id\":\"https:\\\/\\\/www.canbon.cn\\\/#organization\"},\"potentialAction\":[{\"@type\":\"SearchAction\",\"target\":{\"@type\":\"EntryPoint\",\"urlTemplate\":\"https:\\\/\\\/www.canbon.cn\\\/?s={search_term_string}\"},\"query-input\":{\"@type\":\"PropertyValueSpecification\",\"valueRequired\":true,\"valueName\":\"search_term_string\"}}],\"inLanguage\":\"es\"},{\"@type\":\"Organization\",\"@id\":\"https:\\\/\\\/www.canbon.cn\\\/#organization\",\"name\":\"canbon.cn\",\"url\":\"https:\\\/\\\/www.canbon.cn\\\/\",\"logo\":{\"@type\":\"ImageObject\",\"inLanguage\":\"es\",\"@id\":\"https:\\\/\\\/www.canbon.cn\\\/#\\\/schema\\\/logo\\\/image\\\/\",\"url\":\"https:\\\/\\\/www.canbon.cn\\\/wp-content\\\/uploads\\\/2023\\\/11\\\/canbon-logo.svg\",\"contentUrl\":\"https:\\\/\\\/www.canbon.cn\\\/wp-content\\\/uploads\\\/2023\\\/11\\\/canbon-logo.svg\",\"width\":300,\"height\":116,\"caption\":\"canbon.cn\"},\"image\":{\"@id\":\"https:\\\/\\\/www.canbon.cn\\\/#\\\/schema\\\/logo\\\/image\\\/\"}}]}<\/script>\n<!-- \/ Yoast SEO plugin. -->","yoast_head_json":{"title":"Sobre nosotros - canbon.cn","robots":{"index":"index","follow":"follow","max-snippet":"max-snippet:-1","max-image-preview":"max-image-preview:large","max-video-preview":"max-video-preview:-1"},"canonical":"https:\/\/www.canbon.cn\/es\/acerca-de-nosotros\/","og_locale":"es_ES","og_type":"article","og_title":"About us - canbon.cn","og_description":"ABOUT CANBON COMPANY PROFILE CANBON with more than 30 years of production experience. Ruian CANBON Industrial and Trading Co., Ltd. is a modern enterprise engaged in producing HDPE raschel bags, pallet nets, and ventilated stretch wraps. Founded in 1995, located in Zhejiang province, close to Shanghai and Ningbo port, and has convenient traffic and a [&hellip;]","og_url":"https:\/\/www.canbon.cn\/es\/acerca-de-nosotros\/","og_site_name":"canbon.cn","article_modified_time":"2023-12-11T03:53:30+00:00","og_image":[{"url":"https:\/\/www.canbon.cn\/wp-content\/uploads\/2023\/12\/home-about-image-canbon.jpg","type":"","width":"","height":""}],"twitter_card":"summary_large_image","twitter_misc":{"Tiempo de lectura":"1 minuto"},"schema":{"@context":"https:\/\/schema.org","@graph":[{"@type":"WebPage","@id":"https:\/\/www.canbon.cn\/about-us\/","url":"https:\/\/www.canbon.cn\/about-us\/","name":"Sobre nosotros - canbon.cn","isPartOf":{"@id":"https:\/\/www.canbon.cn\/#website"},"primaryImageOfPage":{"@id":"https:\/\/www.canbon.cn\/about-us\/#primaryimage"},"image":{"@id":"https:\/\/www.canbon.cn\/about-us\/#primaryimage"},"thumbnailUrl":"https:\/\/www.canbon.cn\/wp-content\/uploads\/2023\/12\/home-about-image-canbon.jpg","datePublished":"2023-11-17T13:23:05+00:00","dateModified":"2023-12-11T03:53:30+00:00","breadcrumb":{"@id":"https:\/\/www.canbon.cn\/about-us\/#breadcrumb"},"inLanguage":"es","potentialAction":[{"@type":"ReadAction","target":["https:\/\/www.canbon.cn\/about-us\/"]}]},{"@type":"ImageObject","inLanguage":"es","@id":"https:\/\/www.canbon.cn\/about-us\/#primaryimage","url":"https:\/\/www.canbon.cn\/wp-content\/uploads\/2023\/12\/home-about-image-canbon.jpg","contentUrl":"https:\/\/www.canbon.cn\/wp-content\/uploads\/2023\/12\/home-about-image-canbon.jpg"},{"@type":"BreadcrumbList","@id":"https:\/\/www.canbon.cn\/about-us\/#breadcrumb","itemListElement":[{"@type":"ListItem","position":1,"name":"Home","item":"https:\/\/www.canbon.cn\/"},{"@type":"ListItem","position":2,"name":"About us"}]},{"@type":"WebSite","@id":"https:\/\/www.canbon.cn\/#website","url":"https:\/\/www.canbon.cn\/","name":"canbon.cn","description":"","publisher":{"@id":"https:\/\/www.canbon.cn\/#organization"},"potentialAction":[{"@type":"SearchAction","target":{"@type":"EntryPoint","urlTemplate":"https:\/\/www.canbon.cn\/?s={search_term_string}"},"query-input":{"@type":"PropertyValueSpecification","valueRequired":true,"valueName":"search_term_string"}}],"inLanguage":"es"},{"@type":"Organization","@id":"https:\/\/www.canbon.cn\/#organization","name":"canbon.cn","url":"https:\/\/www.canbon.cn\/","logo":{"@type":"ImageObject","inLanguage":"es","@id":"https:\/\/www.canbon.cn\/#\/schema\/logo\/image\/","url":"https:\/\/www.canbon.cn\/wp-content\/uploads\/2023\/11\/canbon-logo.svg","contentUrl":"https:\/\/www.canbon.cn\/wp-content\/uploads\/2023\/11\/canbon-logo.svg","width":300,"height":116,"caption":"canbon.cn"},"image":{"@id":"https:\/\/www.canbon.cn\/#\/schema\/logo\/image\/"}}]}},"_links":{"self":[{"href":"https:\/\/www.canbon.cn\/es\/wp-json\/wp\/v2\/pages\/20","targetHints":{"allow":["GET"]}}],"collection":[{"href":"https:\/\/www.canbon.cn\/es\/wp-json\/wp\/v2\/pages"}],"about":[{"href":"https:\/\/www.canbon.cn\/es\/wp-json\/wp\/v2\/types\/page"}],"author":[{"embeddable":true,"href":"https:\/\/www.canbon.cn\/es\/wp-json\/wp\/v2\/users\/1"}],"replies":[{"embeddable":true,"href":"https:\/\/www.canbon.cn\/es\/wp-json\/wp\/v2\/comments?post=20"}],"version-history":[{"count":23,"href":"https:\/\/www.canbon.cn\/es\/wp-json\/wp\/v2\/pages\/20\/revisions"}],"predecessor-version":[{"id":583,"href":"https:\/\/www.canbon.cn\/es\/wp-json\/wp\/v2\/pages\/20\/revisions\/583"}],"wp:attachment":[{"href":"https:\/\/www.canbon.cn\/es\/wp-json\/wp\/v2\/media?parent=20"}],"curies":[{"name":"wp","href":"https:\/\/api.w.org\/{rel}","templated":true}]}}