{"id":20,"date":"2023-11-17T13:23:05","date_gmt":"2023-11-17T13:23:05","guid":{"rendered":"https:\/\/canbon.cn\/?page_id=20"},"modified":"2023-12-11T03:53:30","modified_gmt":"2023-12-11T03:53:30","slug":"a-propos-de-nous","status":"publish","type":"page","link":"https:\/\/www.canbon.cn\/fr\/a-propos-de-nous\/","title":{"rendered":"A propos de nous"},"content":{"rendered":"<div data-elementor-type=\"wp-page\" data-elementor-id=\"20\" class=\"elementor elementor-20\" data-elementor-post-type=\"page\">\n\t\t\t\t\t\t<section class=\"elementor-section elementor-top-section elementor-element elementor-element-3a303a37 elementor-section-height-min-height elementor-section-boxed elementor-section-height-default elementor-section-items-middle\" data-id=\"3a303a37\" data-element_type=\"section\" data-e-type=\"section\" data-settings=\"{&quot;background_background&quot;:&quot;classic&quot;}\">\n\t\t\t\t\t\t\t<div class=\"elementor-background-overlay\"><\/div>\n\t\t\t\t\t\t\t<div class=\"elementor-container elementor-column-gap-default\">\n\t\t\t\t\t<div class=\"elementor-column elementor-col-100 elementor-top-column elementor-element elementor-element-3a664ea6\" data-id=\"3a664ea6\" data-element_type=\"column\" data-e-type=\"column\">\n\t\t\t<div class=\"elementor-widget-wrap elementor-element-populated\">\n\t\t\t\t\t\t<div class=\"elementor-element elementor-element-25158fc3 elementor-widget elementor-widget-heading\" data-id=\"25158fc3\" data-element_type=\"widget\" data-e-type=\"widget\" data-widget_type=\"heading.default\">\n\t\t\t\t<div class=\"elementor-widget-container\">\n\t\t\t\t\t<h1 class=\"elementor-heading-title elementor-size-default\">A PROPOS DE CANBON<\/h1>\t\t\t\t<\/div>\n\t\t\t\t<\/div>\n\t\t\t\t\t<\/div>\n\t\t<\/div>\n\t\t\t\t\t<\/div>\n\t\t<\/section>\n\t\t\t\t<section class=\"elementor-section elementor-top-section elementor-element elementor-element-693a6a92 elementor-section-boxed elementor-section-height-default elementor-section-height-default\" data-id=\"693a6a92\" data-element_type=\"section\" data-e-type=\"section\">\n\t\t\t\t\t\t<div class=\"elementor-container elementor-column-gap-default\">\n\t\t\t\t\t<div class=\"elementor-column elementor-col-50 elementor-top-column elementor-element elementor-element-11eec776\" data-id=\"11eec776\" data-element_type=\"column\" data-e-type=\"column\">\n\t\t\t<div class=\"elementor-widget-wrap elementor-element-populated\">\n\t\t\t\t\t\t<div class=\"elementor-element elementor-element-4bb1e462 elementor-widget elementor-widget-heading\" data-id=\"4bb1e462\" data-element_type=\"widget\" data-e-type=\"widget\" data-widget_type=\"heading.default\">\n\t\t\t\t<div class=\"elementor-widget-container\">\n\t\t\t\t\t<h2 class=\"elementor-heading-title elementor-size-default\">PROFIL DE L'ENTREPRISE<\/h2>\t\t\t\t<\/div>\n\t\t\t\t<\/div>\n\t\t\t\t<div class=\"elementor-element elementor-element-3ce6c89d elementor-widget elementor-widget-heading\" data-id=\"3ce6c89d\" data-element_type=\"widget\" data-e-type=\"widget\" data-widget_type=\"heading.default\">\n\t\t\t\t<div class=\"elementor-widget-container\">\n\t\t\t\t\t<h2 class=\"elementor-heading-title elementor-size-default\">CANBON avec plus de 30 ans d'exp\u00e9rience dans la production.<\/h2>\t\t\t\t<\/div>\n\t\t\t\t<\/div>\n\t\t\t\t<div class=\"elementor-element elementor-element-63b88d46 elementor-widget elementor-widget-text-editor\" data-id=\"63b88d46\" data-element_type=\"widget\" data-e-type=\"widget\" data-widget_type=\"text-editor.default\">\n\t\t\t\t<div class=\"elementor-widget-container\">\n\t\t\t\t\t\t\t\t\tRuian CANBON Industrial and Trading Co. est une entreprise moderne sp\u00e9cialis\u00e9e dans la production de sacs raschel en PEHD, de filets \u00e0 palettes et de films \u00e9tirables ventil\u00e9s. Fond\u00e9e en 1995, elle est situ\u00e9e dans la province du Zhejiang, \u00e0 proximit\u00e9 des ports de Shanghai et de Ningbo, et b\u00e9n\u00e9ficie d'une situation g\u00e9ographique favorable.\t\t\t\t\t\t\t\t<\/div>\n\t\t\t\t<\/div>\n\t\t\t\t<div class=\"elementor-element elementor-element-8633921 elementor-widget elementor-widget-text-editor\" data-id=\"8633921\" data-element_type=\"widget\" data-e-type=\"widget\" data-widget_type=\"text-editor.default\">\n\t\t\t\t<div class=\"elementor-widget-container\">\n\t\t\t\t\t\t\t\t\tApr\u00e8s plus de 20 ans de d\u00e9veloppement acharn\u00e9, CANBON est devenu un fabricant professionnel sp\u00e9cialis\u00e9 dans l'emballage industriel. Notre production annuelle atteint 10 000 tonnes. Nous connaissons tr\u00e8s bien les besoins des diff\u00e9rents march\u00e9s et nous pouvons \u00e9galement traiter les commandes personnalis\u00e9es.\t\t\t\t\t\t\t\t<\/div>\n\t\t\t\t<\/div>\n\t\t\t\t<div class=\"elementor-element elementor-element-1d272fb elementor-widget elementor-widget-text-editor\" data-id=\"1d272fb\" data-element_type=\"widget\" data-e-type=\"widget\" data-widget_type=\"text-editor.default\">\n\t\t\t\t<div class=\"elementor-widget-container\">\n\t\t\t\t\t\t\t\t\t<p>Gr\u00e2ce \u00e0 leur HAUTE QUALIT\u00c9, leur PRIX RAISONNABLE et leur SERVICE SUP\u00c9RIEUR, nos produits sont export\u00e9s dans toute l'Europe, l'Am\u00e9rique du Sud, l'Am\u00e9rique du Nord, l'Afrique du Nord, etc. Ils ont \u00e9t\u00e9 tr\u00e8s appr\u00e9ci\u00e9s par les clients et ont re\u00e7u de nombreux \u00e9loges.<\/p><p>Nous souhaitons la bienvenue aux anciens et aux nouveaux amis qui souhaitent visiter notre usine.<\/p>\t\t\t\t\t\t\t\t<\/div>\n\t\t\t\t<\/div>\n\t\t\t\t\t<\/div>\n\t\t<\/div>\n\t\t\t\t<div class=\"elementor-column elementor-col-50 elementor-top-column elementor-element elementor-element-51dfe283\" data-id=\"51dfe283\" data-element_type=\"column\" data-e-type=\"column\">\n\t\t\t<div class=\"elementor-widget-wrap elementor-element-populated\">\n\t\t\t\t\t\t<div class=\"elementor-element elementor-element-5ed1f0a4 elementor-widget elementor-widget-image\" data-id=\"5ed1f0a4\" data-element_type=\"widget\" data-e-type=\"widget\" data-widget_type=\"image.default\">\n\t\t\t\t<div class=\"elementor-widget-container\">\n\t\t\t\t\t\t\t\t\t\t\t\t\t\t\t<img fetchpriority=\"high\" decoding=\"async\" width=\"600\" height=\"600\" src=\"https:\/\/www.canbon.cn\/wp-content\/uploads\/2023\/12\/home-about-image-canbon.jpg\" class=\"attachment-large size-large wp-image-482\" alt=\"home about image - canbon\" srcset=\"https:\/\/www.canbon.cn\/wp-content\/uploads\/2023\/12\/home-about-image-canbon.jpg 600w, https:\/\/www.canbon.cn\/wp-content\/uploads\/2023\/12\/home-about-image-canbon-150x150.jpg 150w, https:\/\/www.canbon.cn\/wp-content\/uploads\/2023\/12\/home-about-image-canbon-300x300.jpg 300w, https:\/\/www.canbon.cn\/wp-content\/uploads\/2023\/12\/home-about-image-canbon-100x100.jpg 100w\" sizes=\"(max-width: 600px) 100vw, 600px\" \/>\t\t\t\t\t\t\t\t\t\t\t\t\t\t\t<\/div>\n\t\t\t\t<\/div>\n\t\t\t\t\t<\/div>\n\t\t<\/div>\n\t\t\t\t\t<\/div>\n\t\t<\/section>\n\t\t\t\t<\/div>","protected":false},"excerpt":{"rendered":"<p>ABOUT CANBON COMPANY PROFILE CANBON with more than 30 years of production experience. Ruian CANBON Industrial and Trading Co., Ltd. is a modern enterprise engaged in producing HDPE raschel bags, pallet nets, and ventilated stretch wraps. Founded in 1995, located in Zhejiang province, close to Shanghai and Ningbo port, and has convenient traffic and a [&hellip;]<\/p>\n","protected":false},"author":1,"featured_media":0,"parent":0,"menu_order":0,"comment_status":"closed","ping_status":"closed","template":"","meta":{"inline_featured_image":false,"footnotes":""},"class_list":["post-20","page","type-page","status-publish","hentry"],"yoast_head":"<!-- This site is optimized with the Yoast SEO plugin v27.3 - https:\/\/yoast.com\/product\/yoast-seo-wordpress\/ -->\n<title>About us - canbon.cn<\/title>\n<meta name=\"robots\" content=\"index, follow, max-snippet:-1, max-image-preview:large, max-video-preview:-1\" \/>\n<link rel=\"canonical\" href=\"https:\/\/www.canbon.cn\/fr\/a-propos-de-nous\/\" \/>\n<meta property=\"og:locale\" content=\"fr_FR\" \/>\n<meta property=\"og:type\" content=\"article\" \/>\n<meta property=\"og:title\" content=\"About us - canbon.cn\" \/>\n<meta property=\"og:description\" content=\"ABOUT CANBON COMPANY PROFILE CANBON with more than 30 years of production experience. Ruian CANBON Industrial and Trading Co., Ltd. is a modern enterprise engaged in producing HDPE raschel bags, pallet nets, and ventilated stretch wraps. Founded in 1995, located in Zhejiang province, close to Shanghai and Ningbo port, and has convenient traffic and a [&hellip;]\" \/>\n<meta property=\"og:url\" content=\"https:\/\/www.canbon.cn\/fr\/a-propos-de-nous\/\" \/>\n<meta property=\"og:site_name\" content=\"canbon.cn\" \/>\n<meta property=\"article:modified_time\" content=\"2023-12-11T03:53:30+00:00\" \/>\n<meta property=\"og:image\" content=\"https:\/\/www.canbon.cn\/wp-content\/uploads\/2023\/12\/home-about-image-canbon.jpg\" \/>\n<meta name=\"twitter:card\" content=\"summary_large_image\" \/>\n<meta name=\"twitter:label1\" content=\"Dur\u00e9e de lecture estim\u00e9e\" \/>\n\t<meta name=\"twitter:data1\" content=\"1 minute\" \/>\n<script type=\"application\/ld+json\" class=\"yoast-schema-graph\">{\"@context\":\"https:\\\/\\\/schema.org\",\"@graph\":[{\"@type\":\"WebPage\",\"@id\":\"https:\\\/\\\/www.canbon.cn\\\/about-us\\\/\",\"url\":\"https:\\\/\\\/www.canbon.cn\\\/about-us\\\/\",\"name\":\"About us - canbon.cn\",\"isPartOf\":{\"@id\":\"https:\\\/\\\/www.canbon.cn\\\/#website\"},\"primaryImageOfPage\":{\"@id\":\"https:\\\/\\\/www.canbon.cn\\\/about-us\\\/#primaryimage\"},\"image\":{\"@id\":\"https:\\\/\\\/www.canbon.cn\\\/about-us\\\/#primaryimage\"},\"thumbnailUrl\":\"https:\\\/\\\/www.canbon.cn\\\/wp-content\\\/uploads\\\/2023\\\/12\\\/home-about-image-canbon.jpg\",\"datePublished\":\"2023-11-17T13:23:05+00:00\",\"dateModified\":\"2023-12-11T03:53:30+00:00\",\"breadcrumb\":{\"@id\":\"https:\\\/\\\/www.canbon.cn\\\/about-us\\\/#breadcrumb\"},\"inLanguage\":\"fr-FR\",\"potentialAction\":[{\"@type\":\"ReadAction\",\"target\":[\"https:\\\/\\\/www.canbon.cn\\\/about-us\\\/\"]}]},{\"@type\":\"ImageObject\",\"inLanguage\":\"fr-FR\",\"@id\":\"https:\\\/\\\/www.canbon.cn\\\/about-us\\\/#primaryimage\",\"url\":\"https:\\\/\\\/www.canbon.cn\\\/wp-content\\\/uploads\\\/2023\\\/12\\\/home-about-image-canbon.jpg\",\"contentUrl\":\"https:\\\/\\\/www.canbon.cn\\\/wp-content\\\/uploads\\\/2023\\\/12\\\/home-about-image-canbon.jpg\"},{\"@type\":\"BreadcrumbList\",\"@id\":\"https:\\\/\\\/www.canbon.cn\\\/about-us\\\/#breadcrumb\",\"itemListElement\":[{\"@type\":\"ListItem\",\"position\":1,\"name\":\"Home\",\"item\":\"https:\\\/\\\/www.canbon.cn\\\/\"},{\"@type\":\"ListItem\",\"position\":2,\"name\":\"About us\"}]},{\"@type\":\"WebSite\",\"@id\":\"https:\\\/\\\/www.canbon.cn\\\/#website\",\"url\":\"https:\\\/\\\/www.canbon.cn\\\/\",\"name\":\"canbon.cn\",\"description\":\"\",\"publisher\":{\"@id\":\"https:\\\/\\\/www.canbon.cn\\\/#organization\"},\"potentialAction\":[{\"@type\":\"SearchAction\",\"target\":{\"@type\":\"EntryPoint\",\"urlTemplate\":\"https:\\\/\\\/www.canbon.cn\\\/?s={search_term_string}\"},\"query-input\":{\"@type\":\"PropertyValueSpecification\",\"valueRequired\":true,\"valueName\":\"search_term_string\"}}],\"inLanguage\":\"fr-FR\"},{\"@type\":\"Organization\",\"@id\":\"https:\\\/\\\/www.canbon.cn\\\/#organization\",\"name\":\"canbon.cn\",\"url\":\"https:\\\/\\\/www.canbon.cn\\\/\",\"logo\":{\"@type\":\"ImageObject\",\"inLanguage\":\"fr-FR\",\"@id\":\"https:\\\/\\\/www.canbon.cn\\\/#\\\/schema\\\/logo\\\/image\\\/\",\"url\":\"https:\\\/\\\/www.canbon.cn\\\/wp-content\\\/uploads\\\/2023\\\/11\\\/canbon-logo.svg\",\"contentUrl\":\"https:\\\/\\\/www.canbon.cn\\\/wp-content\\\/uploads\\\/2023\\\/11\\\/canbon-logo.svg\",\"width\":300,\"height\":116,\"caption\":\"canbon.cn\"},\"image\":{\"@id\":\"https:\\\/\\\/www.canbon.cn\\\/#\\\/schema\\\/logo\\\/image\\\/\"}}]}<\/script>\n<!-- \/ Yoast SEO plugin. -->","yoast_head_json":{"title":"\u00c0 propos de nous - canbon.cn","robots":{"index":"index","follow":"follow","max-snippet":"max-snippet:-1","max-image-preview":"max-image-preview:large","max-video-preview":"max-video-preview:-1"},"canonical":"https:\/\/www.canbon.cn\/fr\/a-propos-de-nous\/","og_locale":"fr_FR","og_type":"article","og_title":"About us - canbon.cn","og_description":"ABOUT CANBON COMPANY PROFILE CANBON with more than 30 years of production experience. Ruian CANBON Industrial and Trading Co., Ltd. is a modern enterprise engaged in producing HDPE raschel bags, pallet nets, and ventilated stretch wraps. Founded in 1995, located in Zhejiang province, close to Shanghai and Ningbo port, and has convenient traffic and a [&hellip;]","og_url":"https:\/\/www.canbon.cn\/fr\/a-propos-de-nous\/","og_site_name":"canbon.cn","article_modified_time":"2023-12-11T03:53:30+00:00","og_image":[{"url":"https:\/\/www.canbon.cn\/wp-content\/uploads\/2023\/12\/home-about-image-canbon.jpg","type":"","width":"","height":""}],"twitter_card":"summary_large_image","twitter_misc":{"Dur\u00e9e de lecture estim\u00e9e":"1 minute"},"schema":{"@context":"https:\/\/schema.org","@graph":[{"@type":"WebPage","@id":"https:\/\/www.canbon.cn\/about-us\/","url":"https:\/\/www.canbon.cn\/about-us\/","name":"\u00c0 propos de nous - canbon.cn","isPartOf":{"@id":"https:\/\/www.canbon.cn\/#website"},"primaryImageOfPage":{"@id":"https:\/\/www.canbon.cn\/about-us\/#primaryimage"},"image":{"@id":"https:\/\/www.canbon.cn\/about-us\/#primaryimage"},"thumbnailUrl":"https:\/\/www.canbon.cn\/wp-content\/uploads\/2023\/12\/home-about-image-canbon.jpg","datePublished":"2023-11-17T13:23:05+00:00","dateModified":"2023-12-11T03:53:30+00:00","breadcrumb":{"@id":"https:\/\/www.canbon.cn\/about-us\/#breadcrumb"},"inLanguage":"fr-FR","potentialAction":[{"@type":"ReadAction","target":["https:\/\/www.canbon.cn\/about-us\/"]}]},{"@type":"ImageObject","inLanguage":"fr-FR","@id":"https:\/\/www.canbon.cn\/about-us\/#primaryimage","url":"https:\/\/www.canbon.cn\/wp-content\/uploads\/2023\/12\/home-about-image-canbon.jpg","contentUrl":"https:\/\/www.canbon.cn\/wp-content\/uploads\/2023\/12\/home-about-image-canbon.jpg"},{"@type":"BreadcrumbList","@id":"https:\/\/www.canbon.cn\/about-us\/#breadcrumb","itemListElement":[{"@type":"ListItem","position":1,"name":"Home","item":"https:\/\/www.canbon.cn\/"},{"@type":"ListItem","position":2,"name":"About us"}]},{"@type":"WebSite","@id":"https:\/\/www.canbon.cn\/#website","url":"https:\/\/www.canbon.cn\/","name":"canbon.cn","description":"","publisher":{"@id":"https:\/\/www.canbon.cn\/#organization"},"potentialAction":[{"@type":"SearchAction","target":{"@type":"EntryPoint","urlTemplate":"https:\/\/www.canbon.cn\/?s={search_term_string}"},"query-input":{"@type":"PropertyValueSpecification","valueRequired":true,"valueName":"search_term_string"}}],"inLanguage":"fr-FR"},{"@type":"Organization","@id":"https:\/\/www.canbon.cn\/#organization","name":"canbon.cn","url":"https:\/\/www.canbon.cn\/","logo":{"@type":"ImageObject","inLanguage":"fr-FR","@id":"https:\/\/www.canbon.cn\/#\/schema\/logo\/image\/","url":"https:\/\/www.canbon.cn\/wp-content\/uploads\/2023\/11\/canbon-logo.svg","contentUrl":"https:\/\/www.canbon.cn\/wp-content\/uploads\/2023\/11\/canbon-logo.svg","width":300,"height":116,"caption":"canbon.cn"},"image":{"@id":"https:\/\/www.canbon.cn\/#\/schema\/logo\/image\/"}}]}},"_links":{"self":[{"href":"https:\/\/www.canbon.cn\/fr\/wp-json\/wp\/v2\/pages\/20","targetHints":{"allow":["GET"]}}],"collection":[{"href":"https:\/\/www.canbon.cn\/fr\/wp-json\/wp\/v2\/pages"}],"about":[{"href":"https:\/\/www.canbon.cn\/fr\/wp-json\/wp\/v2\/types\/page"}],"author":[{"embeddable":true,"href":"https:\/\/www.canbon.cn\/fr\/wp-json\/wp\/v2\/users\/1"}],"replies":[{"embeddable":true,"href":"https:\/\/www.canbon.cn\/fr\/wp-json\/wp\/v2\/comments?post=20"}],"version-history":[{"count":23,"href":"https:\/\/www.canbon.cn\/fr\/wp-json\/wp\/v2\/pages\/20\/revisions"}],"predecessor-version":[{"id":583,"href":"https:\/\/www.canbon.cn\/fr\/wp-json\/wp\/v2\/pages\/20\/revisions\/583"}],"wp:attachment":[{"href":"https:\/\/www.canbon.cn\/fr\/wp-json\/wp\/v2\/media?parent=20"}],"curies":[{"name":"wp","href":"https:\/\/api.w.org\/{rel}","templated":true}]}}